{"id":1930,"date":"2023-02-11T11:39:34","date_gmt":"2023-02-11T09:39:34","guid":{"rendered":"https:\/\/www.agnotita.gr\/?page_id=1930"},"modified":"2025-05-23T13:08:18","modified_gmt":"2025-05-23T10:08:18","slug":"savons-a-lhuile-dolive-de-la-savonnerie-soap-purity","status":"publish","type":"page","link":"https:\/\/www.agnotita.gr\/fr\/","title":{"rendered":"Savons \u00e0 l\u2019huile d\u2019olive de la savonnerie \u201cSoap Purity\u201d"},"content":{"rendered":"<style>.kadence-column1930_68a120-80{max-width:1200px;margin-left:auto;margin-right:auto;}.wp-block-kadence-column.kb-section-dir-horizontal:not(.kb-section-md-dir-vertical)>.kt-inside-inner-col>.kadence-column1930_68a120-80{-webkit-flex:0 1 1200px;flex:0 1 1200px;max-width:unset;margin-left:unset;margin-right:unset;}.kadence-column1930_68a120-80 > .kt-inside-inner-col,.kadence-column1930_68a120-80 > .kt-inside-inner-col:before{border-top-left-radius:0px;border-top-right-radius:0px;border-bottom-right-radius:0px;border-bottom-left-radius:0px;}.kadence-column1930_68a120-80 > .kt-inside-inner-col{column-gap:var(--global-kb-gap-sm, 1rem);}.kadence-column1930_68a120-80 > .kt-inside-inner-col{flex-direction:column;}.kadence-column1930_68a120-80 > .kt-inside-inner-col > .aligncenter{width:100%;}.kadence-column1930_68a120-80 > .kt-inside-inner-col:before{opacity:0.3;}.kadence-column1930_68a120-80{position:relative;}.kadence-column1930_68a120-80, .kt-inside-inner-col > .kadence-column1930_68a120-80:not(.specificity){margin-top:40px;margin-bottom:40px;}@media all and (min-width: 1025px){.wp-block-kadence-column.kb-section-dir-horizontal>.kt-inside-inner-col>.kadence-column1930_68a120-80{-webkit-flex:0 1 1200px;flex:0 1 1200px;max-width:unset;margin-left:unset;margin-right:unset;}}@media all and (max-width: 1024px){.kadence-column1930_68a120-80 > .kt-inside-inner-col{flex-direction:column;justify-content:center;}}@media all and (max-width: 767px){.wp-block-kadence-column.kb-section-sm-dir-vertical:not(.kb-section-sm-dir-horizontal):not(.kb-section-sm-dir-specificity)>.kt-inside-inner-col>.kadence-column1930_68a120-80{max-width:1200px;-webkit-flex:1;flex:1;margin-left:auto;margin-right:auto;}.kadence-column1930_68a120-80 > .kt-inside-inner-col{flex-direction:column;justify-content:center;}}<\/style>\n<div class=\"wp-block-kadence-column kadence-column1930_68a120-80 inner-column-1\"><div class=\"kt-inside-inner-col\"><style>.wp-block-kadence-advancedheading.kt-adv-heading1930_e3e12e-da, .wp-block-kadence-advancedheading.kt-adv-heading1930_e3e12e-da[data-kb-block=\"kb-adv-heading1930_e3e12e-da\"]{text-align:center;font-size:44px;font-weight:400;font-style:normal;font-family:'Roboto Condensed';text-transform:none;color:#1e1e1e;}.wp-block-kadence-advancedheading.kt-adv-heading1930_e3e12e-da mark.kt-highlight, .wp-block-kadence-advancedheading.kt-adv-heading1930_e3e12e-da[data-kb-block=\"kb-adv-heading1930_e3e12e-da\"] mark.kt-highlight{font-style:normal;color:#f76a0c;-webkit-box-decoration-break:clone;box-decoration-break:clone;padding-top:0px;padding-right:0px;padding-bottom:0px;padding-left:0px;}.wp-block-kadence-advancedheading.kt-adv-heading1930_e3e12e-da img.kb-inline-image, .wp-block-kadence-advancedheading.kt-adv-heading1930_e3e12e-da[data-kb-block=\"kb-adv-heading1930_e3e12e-da\"] img.kb-inline-image{width:150px;vertical-align:baseline;}@media all and (max-width: 767px){.wp-block-kadence-advancedheading.kt-adv-heading1930_e3e12e-da, .wp-block-kadence-advancedheading.kt-adv-heading1930_e3e12e-da[data-kb-block=\"kb-adv-heading1930_e3e12e-da\"]{font-size:36px;}}<\/style>\n<h1 class=\"kt-adv-heading1930_e3e12e-da wp-block-kadence-advancedheading\" data-kb-block=\"kb-adv-heading1930_e3e12e-da\">Savons \u00e0 l\u2019huile d\u2019olive de la savonnerie \u201cSoap Purity\u201d<\/h1>\n\n\n<style>.kb-image1930_41bcf4-7b .kb-image-has-overlay:after{opacity:0.3;}<\/style>\n<div class=\"wp-block-kadence-image kb-image1930_41bcf4-7b\"><figure class=\"aligncenter size-large\"><img decoding=\"async\" width=\"1200\" height=\"366\" src=\"https:\/\/www.agnotita.gr\/wp-content\/uploads\/2023\/02\/agnotita-header-english-1200x366.png\" alt=\"header no chemicals pure olive oil soaps\" class=\"kb-img wp-image-1979\" srcset=\"https:\/\/www.agnotita.gr\/wp-content\/uploads\/2023\/02\/agnotita-header-english-1200x366.png 1200w, https:\/\/www.agnotita.gr\/wp-content\/uploads\/2023\/02\/agnotita-header-english-600x183.png 600w\" sizes=\"(max-width: 1200px) 100vw, 1200px\" \/><\/figure><\/div>\n\n\n<style>.kb-row-layout-wrap.wp-block-kadence-rowlayout.kb-row-layout-id1930_13598b-75{margin-top:40px;margin-bottom:40px;}.kb-row-layout-id1930_13598b-75 > .kt-row-column-wrap{align-content:start;}:where(.kb-row-layout-id1930_13598b-75 > .kt-row-column-wrap) > .wp-block-kadence-column{justify-content:start;}.kb-row-layout-id1930_13598b-75 > .kt-row-column-wrap{column-gap:var(--global-kb-gap-md, 2rem);row-gap:var(--global-kb-gap-md, 2rem);max-width:var( --global-content-width, 1290px );padding-left:var(--global-content-edge-padding);padding-right:var(--global-content-edge-padding);padding-top:var(--global-kb-spacing-sm, 1.5rem);padding-bottom:var(--global-kb-spacing-sm, 1.5rem);grid-template-columns:minmax(0, 1fr);}.kb-row-layout-id1930_13598b-75 > .kt-row-layout-overlay{opacity:0.30;}@media all and (max-width: 1024px){.kb-row-layout-id1930_13598b-75 > .kt-row-column-wrap{grid-template-columns:minmax(0, 1fr);}}@media all and (max-width: 767px){.kb-row-layout-id1930_13598b-75 > .kt-row-column-wrap{grid-template-columns:minmax(0, 1fr);}}<\/style><div class=\"kb-row-layout-wrap kb-row-layout-id1930_13598b-75 alignnone wp-block-kadence-rowlayout\"><div class=\"kt-row-column-wrap kt-has-1-columns kt-row-layout-equal kt-tab-layout-inherit kt-mobile-layout-row kt-row-valign-top kb-theme-content-width\">\n<style>.kadence-column1930_3981d5-20 > .kt-inside-inner-col,.kadence-column1930_3981d5-20 > .kt-inside-inner-col:before{border-top-left-radius:0px;border-top-right-radius:0px;border-bottom-right-radius:0px;border-bottom-left-radius:0px;}.kadence-column1930_3981d5-20 > .kt-inside-inner-col{column-gap:var(--global-kb-gap-sm, 1rem);}.kadence-column1930_3981d5-20 > .kt-inside-inner-col{flex-direction:column;}.kadence-column1930_3981d5-20 > .kt-inside-inner-col > .aligncenter{width:100%;}.kadence-column1930_3981d5-20 > .kt-inside-inner-col:before{opacity:0.3;}.kadence-column1930_3981d5-20, .kadence-column1930_3981d5-20 h1, .kadence-column1930_3981d5-20 h2, .kadence-column1930_3981d5-20 h3, .kadence-column1930_3981d5-20 h4, .kadence-column1930_3981d5-20 h5, .kadence-column1930_3981d5-20 h6{color:var(--global-palette4, #2D3748);}.kadence-column1930_3981d5-20{position:relative;}@media all and (max-width: 1024px){.kadence-column1930_3981d5-20 > .kt-inside-inner-col{flex-direction:column;justify-content:center;}}@media all and (max-width: 767px){.kadence-column1930_3981d5-20 > .kt-inside-inner-col{flex-direction:column;justify-content:center;}}<\/style>\n<div class=\"wp-block-kadence-column kadence-column1930_3981d5-20 inner-column-1\"><div class=\"kt-inside-inner-col\">\n<p>Les substances synth\u00e9tiques ont envahi la plupart des secteurs de notre vie. Alors que nous sommes tr\u00e8s vigilants aux ingr\u00e9dients qui sont inclus aux aliments, nous ne faisons pas de m\u00eame pour les produits d\u2019hygi\u00e8ne personnelle et de nettoyage. La peau de notre corps absorbe imm\u00e9diatement les substances toxiques probablement contenues. C\u2019est donc avec les m\u00eames crit\u00e8res que nous devons choisir les produits que nous consommons tant comestibles que corporels.<\/p>\n\n\n\n<p>La savonnerie \u00ab\u00a0Soap Purity\u00a0\u00bb (La puret\u00e9) produit des savons traditionnels \u00e0 l\u2019huile d\u2019olive, en forme solide et liquide, compl\u00e8tement libres de substances chimiques et de conservateurs. Nous affirmons cat\u00e9goriquement qu\u2019\u00e0 part la soude et la potasse, qui sont indispensables pour la saponification, nos produits ne contiennent que de l\u2019huile d\u2019olive ou autres huiles v\u00e9g\u00e9tales et sont approuv\u00e9s par le laboratoire dermatopharmaceutique de l\u2019Universit\u00e9 Nationale et Kapodistrienne d\u2019Ath\u00e8nes pour leur compatibilit\u00e9 avec la peau humaine, conform\u00e9ment \u00e0 la directive 1223\/2009 du Parlement europ\u00e9en.<\/p>\n\n\n\n<p>Nous garantissons la puret\u00e9 de nos produits. Mais c\u2019est vous qui jugerez leur efficacit\u00e9. Comme nous croyons que la meilleure publicit\u00e9 est le produit lui-m\u00eame, nous vous sugg\u00e9rons d\u2019essayer un ou plusieurs de ceux-ci et d\u2019en tirer vos propres conclusions sans en \u00eatre affect\u00e9s.<\/p>\n\n\n\n<p>Vos commentaires ou suggestions seront grandement appr\u00e9ci\u00e9s.<\/p>\n\n\n\n<p>Sinc\u00e8rement,<br>Kostas Spanakis<\/p>\n<\/div><\/div>\n\n<\/div><\/div><\/div><\/div>\n\n\n<div class=\"wp-block-image\">\n<figure class=\"aligncenter size-full\"><img decoding=\"async\" width=\"1200\" height=\"900\" src=\"https:\/\/www.agnotita.gr\/wp-content\/uploads\/2023\/02\/agnotita-basket-1200X900-2.jpg\" alt=\"Savons \u00e0 l\u2019huile d\u2019olive de la savonnerie \u201cSoap Purity\u201d\" class=\"wp-image-1752\" srcset=\"https:\/\/www.agnotita.gr\/wp-content\/uploads\/2023\/02\/agnotita-basket-1200X900-2.jpg 1200w, https:\/\/www.agnotita.gr\/wp-content\/uploads\/2023\/02\/agnotita-basket-1200X900-2-600x450.jpg 600w\" sizes=\"(max-width: 1200px) 100vw, 1200px\" \/><\/figure>\n<\/div>\n\n<style>.kb-row-layout-id1930_d2ffbf-75 > .kt-row-column-wrap{align-content:start;}:where(.kb-row-layout-id1930_d2ffbf-75 > .kt-row-column-wrap) > .wp-block-kadence-column{justify-content:start;}.kb-row-layout-id1930_d2ffbf-75 > .kt-row-column-wrap{column-gap:var(--global-kb-gap-md, 2rem);row-gap:var(--global-kb-gap-md, 2rem);max-width:var( --global-content-width, 1290px );padding-left:var(--global-content-edge-padding);padding-right:var(--global-content-edge-padding);padding-top:100px;padding-bottom:100px;grid-template-columns:minmax(0, 1fr);}.kb-row-layout-id1930_d2ffbf-75{background-color:#f5f5f1;}.kb-row-layout-id1930_d2ffbf-75 > .kt-row-layout-overlay{opacity:0.44;background-image:url('https:\/\/www.agnotita.gr\/wp-content\/uploads\/2021\/12\/pexels-aleksandar-pasaric-13213712.jpg');background-size:cover;background-position:center center;background-attachment:scroll;background-repeat:no-repeat;mix-blend-mode:multiply;}@media all and (max-width: 1024px){.kb-row-layout-id1930_d2ffbf-75 > .kt-row-column-wrap{grid-template-columns:minmax(0, 1fr);}}@media all and (max-width: 767px){.kb-row-layout-id1930_d2ffbf-75 > .kt-row-column-wrap{grid-template-columns:minmax(0, 1fr);}}<\/style><div class=\"kb-row-layout-wrap kb-row-layout-id1930_d2ffbf-75 alignnone kt-row-has-bg wp-block-kadence-rowlayout\"><div class=\"kt-row-layout-overlay kt-row-overlay-normal\"><\/div><div class=\"kt-row-column-wrap kt-has-1-columns kt-row-layout-equal kt-tab-layout-inherit kt-mobile-layout-row kt-row-valign-top kb-theme-content-width\">\n<style>.kadence-column1930_296738-a4 > .kt-inside-inner-col,.kadence-column1930_296738-a4 > .kt-inside-inner-col:before{border-top-left-radius:0px;border-top-right-radius:0px;border-bottom-right-radius:0px;border-bottom-left-radius:0px;}.kadence-column1930_296738-a4 > .kt-inside-inner-col{column-gap:var(--global-kb-gap-sm, 1rem);}.kadence-column1930_296738-a4 > .kt-inside-inner-col{flex-direction:column;}.kadence-column1930_296738-a4 > .kt-inside-inner-col > .aligncenter{width:100%;}.kadence-column1930_296738-a4 > .kt-inside-inner-col:before{opacity:0.3;}.kadence-column1930_296738-a4{position:relative;}@media all and (max-width: 1024px){.kadence-column1930_296738-a4 > .kt-inside-inner-col{flex-direction:column;justify-content:center;}}@media all and (max-width: 767px){.kadence-column1930_296738-a4 > .kt-inside-inner-col{flex-direction:column;justify-content:center;}}<\/style>\n<div class=\"wp-block-kadence-column kadence-column1930_296738-a4 inner-column-1\"><div class=\"kt-inside-inner-col\"><style>.wp-block-kadence-advancedheading.kt-adv-heading1930_195345-fd, .wp-block-kadence-advancedheading.kt-adv-heading1930_195345-fd[data-kb-block=\"kb-adv-heading1930_195345-fd\"]{text-align:center;font-size:var(--global-kb-font-size-xl, 3rem);font-style:normal;}.wp-block-kadence-advancedheading.kt-adv-heading1930_195345-fd mark.kt-highlight, .wp-block-kadence-advancedheading.kt-adv-heading1930_195345-fd[data-kb-block=\"kb-adv-heading1930_195345-fd\"] mark.kt-highlight{font-style:normal;color:#f76a0c;-webkit-box-decoration-break:clone;box-decoration-break:clone;padding-top:0px;padding-right:0px;padding-bottom:0px;padding-left:0px;}.wp-block-kadence-advancedheading.kt-adv-heading1930_195345-fd img.kb-inline-image, .wp-block-kadence-advancedheading.kt-adv-heading1930_195345-fd[data-kb-block=\"kb-adv-heading1930_195345-fd\"] img.kb-inline-image{width:150px;vertical-align:baseline;}<\/style>\n<h2 class=\"kt-adv-heading1930_195345-fd wp-block-kadence-advancedheading has-theme-palette-4-color has-text-color\" data-kb-block=\"kb-adv-heading1930_195345-fd\">\u00ab\u00a0Soap Purity\u00a0\u00bb<\/h2>\n\n\n\n<p class=\"has-text-align-center has-theme-palette-4-color has-text-color has-link-color wp-elements-8020286b247cfd045cf2a00f73d5ff33\">\u2713 Nous prot\u00e9geons notre sant\u00e9 et l&rsquo;environnement<br>\u2713 Nous soutenons l\u2019\u00e9conomie locale<br>\u2713 Nous cr\u00e9ons des emplois<\/p>\n\n\n\n<p class=\"has-text-align-center has-theme-palette-4-color has-text-color has-link-color wp-elements-93d828a554550ad123362d8cb805158a\">Si vous \u00eates satisfaits de nos produits, veuillez en informer vos amis. Si ce n&rsquo;est pas le cas, n\u2019h\u00e9sitez pas \u00e0 nous le signaler !<\/p>\n<\/div><\/div>\n\n<\/div><\/div>","protected":false},"excerpt":{"rendered":"<p>Savons \u00e0 l\u2019huile d\u2019olive de la savonnerie \u201cSoap Purity\u201d Les substances synth\u00e9tiques ont envahi la plupart des secteurs de notre vie. Alors que nous sommes tr\u00e8s vigilants aux ingr\u00e9dients qui sont inclus aux aliments, nous ne faisons pas de m\u00eame pour les produits d\u2019hygi\u00e8ne personnelle et de nettoyage. La peau de notre corps absorbe imm\u00e9diatement&#8230;<\/p>\n","protected":false},"author":1,"featured_media":1556,"parent":0,"menu_order":0,"comment_status":"closed","ping_status":"closed","template":"","meta":{"_kadence_starter_templates_imported_post":false,"_kad_post_transparent":"","_kad_post_title":"hide","_kad_post_layout":"default","_kad_post_sidebar_id":"","_kad_post_content_style":"","_kad_post_vertical_padding":"hide","_kad_post_feature":"","_kad_post_feature_position":"","_kad_post_header":false,"_kad_post_footer":false,"_kad_post_classname":"","footnotes":""},"class_list":["post-1930","page","type-page","status-publish","has-post-thumbnail","hentry"],"_links":{"self":[{"href":"https:\/\/www.agnotita.gr\/fr\/wp-json\/wp\/v2\/pages\/1930","targetHints":{"allow":["GET"]}}],"collection":[{"href":"https:\/\/www.agnotita.gr\/fr\/wp-json\/wp\/v2\/pages"}],"about":[{"href":"https:\/\/www.agnotita.gr\/fr\/wp-json\/wp\/v2\/types\/page"}],"author":[{"embeddable":true,"href":"https:\/\/www.agnotita.gr\/fr\/wp-json\/wp\/v2\/users\/1"}],"replies":[{"embeddable":true,"href":"https:\/\/www.agnotita.gr\/fr\/wp-json\/wp\/v2\/comments?post=1930"}],"version-history":[{"count":6,"href":"https:\/\/www.agnotita.gr\/fr\/wp-json\/wp\/v2\/pages\/1930\/revisions"}],"predecessor-version":[{"id":2461,"href":"https:\/\/www.agnotita.gr\/fr\/wp-json\/wp\/v2\/pages\/1930\/revisions\/2461"}],"wp:featuredmedia":[{"embeddable":true,"href":"https:\/\/www.agnotita.gr\/fr\/wp-json\/wp\/v2\/media\/1556"}],"wp:attachment":[{"href":"https:\/\/www.agnotita.gr\/fr\/wp-json\/wp\/v2\/media?parent=1930"}],"curies":[{"name":"wp","href":"https:\/\/api.w.org\/{rel}","templated":true}]}}