{"id":1759,"date":"2023-02-10T13:12:50","date_gmt":"2023-02-10T11:12:50","guid":{"rendered":"https:\/\/www.agnotita.gr\/product\/savon-liquide-pour-les-mains-savon-creme-30ml\/"},"modified":"2023-02-10T13:12:50","modified_gmt":"2023-02-10T11:12:50","slug":"savon-liquide-pour-les-mains-savon-creme-30ml","status":"publish","type":"product","link":"https:\/\/www.agnotita.gr\/fr\/product\/savon-liquide-pour-les-mains-savon-creme-30ml\/","title":{"rendered":"Savon liquide pour les mains (savon cr\u00e8me) 30ml"},"content":{"rendered":"","protected":false},"excerpt":{"rendered":"<p>L&rsquo;utilisation exclusive d&rsquo;huiles v\u00e9g\u00e9tales de qualit\u00e9 implique sa puret\u00e9. Avec une mousse riche, il nettoie et traite les mains, les laissant douces. Une petite quantit\u00e9 de savon liquide suffit pour cr\u00e9er suffisamment de mousse.<\/p>\n","protected":false},"featured_media":1742,"template":"","meta":{"_kadence_starter_templates_imported_post":false,"_kad_post_transparent":"","_kad_post_title":"","_kad_post_layout":"","_kad_post_sidebar_id":"","_kad_post_content_style":"","_kad_post_vertical_padding":"","_kad_post_feature":"","_kad_post_feature_position":"","_kad_post_header":false,"_kad_post_footer":false,"_kad_post_classname":""},"product_brand":[],"product_cat":[62],"product_tag":[],"class_list":{"0":"post-1759","1":"product","2":"type-product","3":"status-publish","4":"has-post-thumbnail","6":"product_cat-commodites-dhotel","8":"first","9":"instock","10":"shipping-taxable","11":"purchasable","12":"product-type-simple","13":"entry","14":"content-bg","15":"loop-entry"},"_links":{"self":[{"href":"https:\/\/www.agnotita.gr\/fr\/wp-json\/wp\/v2\/product\/1759","targetHints":{"allow":["GET"]}}],"collection":[{"href":"https:\/\/www.agnotita.gr\/fr\/wp-json\/wp\/v2\/product"}],"about":[{"href":"https:\/\/www.agnotita.gr\/fr\/wp-json\/wp\/v2\/types\/product"}],"wp:featuredmedia":[{"embeddable":true,"href":"https:\/\/www.agnotita.gr\/fr\/wp-json\/wp\/v2\/media\/1742"}],"wp:attachment":[{"href":"https:\/\/www.agnotita.gr\/fr\/wp-json\/wp\/v2\/media?parent=1759"}],"wp:term":[{"taxonomy":"product_brand","embeddable":true,"href":"https:\/\/www.agnotita.gr\/fr\/wp-json\/wp\/v2\/product_brand?post=1759"},{"taxonomy":"product_cat","embeddable":true,"href":"https:\/\/www.agnotita.gr\/fr\/wp-json\/wp\/v2\/product_cat?post=1759"},{"taxonomy":"product_tag","embeddable":true,"href":"https:\/\/www.agnotita.gr\/fr\/wp-json\/wp\/v2\/product_tag?post=1759"}],"curies":[{"name":"wp","href":"https:\/\/api.w.org\/{rel}","templated":true}]}}