{"id":1764,"date":"2023-02-10T13:11:51","date_gmt":"2023-02-10T11:11:51","guid":{"rendered":"https:\/\/www.agnotita.gr\/product\/shampooing-30ml\/"},"modified":"2023-02-10T13:59:17","modified_gmt":"2023-02-10T11:59:17","slug":"shampooing-30ml","status":"publish","type":"product","link":"https:\/\/www.agnotita.gr\/fr\/product\/shampooing-30ml\/","title":{"rendered":"Shampooing 30ml"},"content":{"rendered":"","protected":false},"excerpt":{"rendered":"<p>Il est pr\u00e9par\u00e9 exclusivement \u00e0 partir d&rsquo;huiles v\u00e9g\u00e9tales, principalement d&rsquo;huile d&rsquo;olive. \u00c9limine la pellicule, r\u00e9duit la chute des cheveux et les renforce. En raison de sa composition pure, il peut \u00eatre utilis\u00e9 sans restriction.<\/p>\n","protected":false},"featured_media":1737,"template":"","meta":{"_kadence_starter_templates_imported_post":false,"_kad_post_transparent":"","_kad_post_title":"","_kad_post_layout":"","_kad_post_sidebar_id":"","_kad_post_content_style":"","_kad_post_vertical_padding":"","_kad_post_feature":"","_kad_post_feature_position":"","_kad_post_header":false,"_kad_post_footer":false,"_kad_post_classname":""},"product_brand":[],"product_cat":[62],"product_tag":[],"class_list":{"0":"post-1764","1":"product","2":"type-product","3":"status-publish","4":"has-post-thumbnail","6":"product_cat-commodites-dhotel","8":"first","9":"instock","10":"shipping-taxable","11":"purchasable","12":"product-type-simple","13":"entry","14":"content-bg","15":"loop-entry"},"_links":{"self":[{"href":"https:\/\/www.agnotita.gr\/fr\/wp-json\/wp\/v2\/product\/1764","targetHints":{"allow":["GET"]}}],"collection":[{"href":"https:\/\/www.agnotita.gr\/fr\/wp-json\/wp\/v2\/product"}],"about":[{"href":"https:\/\/www.agnotita.gr\/fr\/wp-json\/wp\/v2\/types\/product"}],"wp:featuredmedia":[{"embeddable":true,"href":"https:\/\/www.agnotita.gr\/fr\/wp-json\/wp\/v2\/media\/1737"}],"wp:attachment":[{"href":"https:\/\/www.agnotita.gr\/fr\/wp-json\/wp\/v2\/media?parent=1764"}],"wp:term":[{"taxonomy":"product_brand","embeddable":true,"href":"https:\/\/www.agnotita.gr\/fr\/wp-json\/wp\/v2\/product_brand?post=1764"},{"taxonomy":"product_cat","embeddable":true,"href":"https:\/\/www.agnotita.gr\/fr\/wp-json\/wp\/v2\/product_cat?post=1764"},{"taxonomy":"product_tag","embeddable":true,"href":"https:\/\/www.agnotita.gr\/fr\/wp-json\/wp\/v2\/product_tag?post=1764"}],"curies":[{"name":"wp","href":"https:\/\/api.w.org\/{rel}","templated":true}]}}