{"id":1767,"date":"2023-02-10T13:10:46","date_gmt":"2023-02-10T11:10:46","guid":{"rendered":"https:\/\/www.agnotita.gr\/product\/gel-douche-30ml\/"},"modified":"2023-02-10T13:10:46","modified_gmt":"2023-02-10T11:10:46","slug":"gel-douche-30ml","status":"publish","type":"product","link":"https:\/\/www.agnotita.gr\/fr\/product\/gel-douche-30ml\/","title":{"rendered":"Gel douche 30ml"},"content":{"rendered":"","protected":false},"excerpt":{"rendered":"<p>Sa composition exclusive d&rsquo;huiles v\u00e9g\u00e9tales, \u00e0 base d&rsquo;huile d&rsquo;olive constitue sa puret\u00e9, avec sa capacit\u00e9 caract\u00e9ristique d&rsquo;hydrater la peau. Tant par sa composition pure que par son utilisation agr\u00e9able et relaxante, nous pensons qu&rsquo;elle ne laissera pas les utilisateurs indiff\u00e9rents.<\/p>\n","protected":false},"featured_media":1732,"template":"","meta":{"_kadence_starter_templates_imported_post":false,"_kad_post_transparent":"","_kad_post_title":"","_kad_post_layout":"","_kad_post_sidebar_id":"","_kad_post_content_style":"","_kad_post_vertical_padding":"","_kad_post_feature":"","_kad_post_feature_position":"","_kad_post_header":false,"_kad_post_footer":false,"_kad_post_classname":""},"product_brand":[],"product_cat":[62],"product_tag":[],"class_list":{"0":"post-1767","1":"product","2":"type-product","3":"status-publish","4":"has-post-thumbnail","6":"product_cat-commodites-dhotel","8":"first","9":"instock","10":"shipping-taxable","11":"purchasable","12":"product-type-simple","13":"entry","14":"content-bg","15":"loop-entry"},"_links":{"self":[{"href":"https:\/\/www.agnotita.gr\/fr\/wp-json\/wp\/v2\/product\/1767","targetHints":{"allow":["GET"]}}],"collection":[{"href":"https:\/\/www.agnotita.gr\/fr\/wp-json\/wp\/v2\/product"}],"about":[{"href":"https:\/\/www.agnotita.gr\/fr\/wp-json\/wp\/v2\/types\/product"}],"wp:featuredmedia":[{"embeddable":true,"href":"https:\/\/www.agnotita.gr\/fr\/wp-json\/wp\/v2\/media\/1732"}],"wp:attachment":[{"href":"https:\/\/www.agnotita.gr\/fr\/wp-json\/wp\/v2\/media?parent=1767"}],"wp:term":[{"taxonomy":"product_brand","embeddable":true,"href":"https:\/\/www.agnotita.gr\/fr\/wp-json\/wp\/v2\/product_brand?post=1767"},{"taxonomy":"product_cat","embeddable":true,"href":"https:\/\/www.agnotita.gr\/fr\/wp-json\/wp\/v2\/product_cat?post=1767"},{"taxonomy":"product_tag","embeddable":true,"href":"https:\/\/www.agnotita.gr\/fr\/wp-json\/wp\/v2\/product_tag?post=1767"}],"curies":[{"name":"wp","href":"https:\/\/api.w.org\/{rel}","templated":true}]}}