{"id":1769,"date":"2023-02-10T13:09:39","date_gmt":"2023-02-10T11:09:39","guid":{"rendered":"https:\/\/www.agnotita.gr\/product\/savon-a-lhuile-dolive-pour-tout-usage-30gr\/"},"modified":"2023-02-10T13:09:39","modified_gmt":"2023-02-10T11:09:39","slug":"savon-a-lhuile-dolive-pour-tout-usage-30gr","status":"publish","type":"product","link":"https:\/\/www.agnotita.gr\/fr\/product\/savon-a-lhuile-dolive-pour-tout-usage-30gr\/","title":{"rendered":"Savon \u00e0 l&rsquo;huile d&rsquo;olive pour tout usage 30gr"},"content":{"rendered":"","protected":false},"excerpt":{"rendered":"<p>Savon fabriqu\u00e9 de fa\u00e7on artisanale \u00e0 partir d&rsquo;huiles s\u00e9lectionn\u00e9es. Partout o\u00f9 il est utilis\u00e9 (visage &#8211; mains &#8211; t\u00eate) ses particularit\u00e9s d&rsquo;hydratation et de douceur de la peau ne passeront pas inaper\u00e7ues.<\/p>\n","protected":false},"featured_media":1727,"template":"","meta":{"_kadence_starter_templates_imported_post":false,"_kad_post_transparent":"","_kad_post_title":"","_kad_post_layout":"","_kad_post_sidebar_id":"","_kad_post_content_style":"","_kad_post_vertical_padding":"","_kad_post_feature":"","_kad_post_feature_position":"","_kad_post_header":false,"_kad_post_footer":false,"_kad_post_classname":""},"product_brand":[],"product_cat":[62],"product_tag":[],"class_list":{"0":"post-1769","1":"product","2":"type-product","3":"status-publish","4":"has-post-thumbnail","6":"product_cat-commodites-dhotel","8":"first","9":"instock","10":"shipping-taxable","11":"purchasable","12":"product-type-simple","13":"entry","14":"content-bg","15":"loop-entry"},"_links":{"self":[{"href":"https:\/\/www.agnotita.gr\/fr\/wp-json\/wp\/v2\/product\/1769","targetHints":{"allow":["GET"]}}],"collection":[{"href":"https:\/\/www.agnotita.gr\/fr\/wp-json\/wp\/v2\/product"}],"about":[{"href":"https:\/\/www.agnotita.gr\/fr\/wp-json\/wp\/v2\/types\/product"}],"wp:featuredmedia":[{"embeddable":true,"href":"https:\/\/www.agnotita.gr\/fr\/wp-json\/wp\/v2\/media\/1727"}],"wp:attachment":[{"href":"https:\/\/www.agnotita.gr\/fr\/wp-json\/wp\/v2\/media?parent=1769"}],"wp:term":[{"taxonomy":"product_brand","embeddable":true,"href":"https:\/\/www.agnotita.gr\/fr\/wp-json\/wp\/v2\/product_brand?post=1769"},{"taxonomy":"product_cat","embeddable":true,"href":"https:\/\/www.agnotita.gr\/fr\/wp-json\/wp\/v2\/product_cat?post=1769"},{"taxonomy":"product_tag","embeddable":true,"href":"https:\/\/www.agnotita.gr\/fr\/wp-json\/wp\/v2\/product_tag?post=1769"}],"curies":[{"name":"wp","href":"https:\/\/api.w.org\/{rel}","templated":true}]}}