{"id":1772,"date":"2023-02-10T13:07:25","date_gmt":"2023-02-10T11:07:25","guid":{"rendered":"https:\/\/www.agnotita.gr\/product\/savon-liquide-pour-lavage-des-vetements-a-la-main-3l\/"},"modified":"2023-02-10T13:07:25","modified_gmt":"2023-02-10T11:07:25","slug":"savon-liquide-pour-lavage-des-vetements-a-la-main-3l","status":"publish","type":"product","link":"https:\/\/www.agnotita.gr\/fr\/product\/savon-liquide-pour-lavage-des-vetements-a-la-main-3l\/","title":{"rendered":"Savon liquide pour lavage des v\u00eatements \u00e0 la main 3L"},"content":{"rendered":"","protected":false},"excerpt":{"rendered":"<p>Ajoutez environ 50g (3-4 cuill\u00e8res \u00e0 soupe) de savon liquide pour chaque litre d&rsquo;eau ti\u00e8de et m\u00e9langez jusqu&rsquo;\u00e0 l&rsquo;obtention d&rsquo;une mousse riche. S\u00e9parez les v\u00eatements blancs des v\u00eatements fonc\u00e9s, laissez-les tremper pendant au moins une heure et lavez-les selon les instructions sur les \u00e9tiquettes. En raison de l&rsquo;absence totale de produits chimiques ou de conservateurs, il est consid\u00e9r\u00e9 comme id\u00e9al pour laver tous les v\u00eatements (sauf la soie).<\/p>\n","protected":false},"featured_media":1717,"template":"","meta":{"_kadence_starter_templates_imported_post":false,"_kad_post_transparent":"","_kad_post_title":"","_kad_post_layout":"","_kad_post_sidebar_id":"","_kad_post_content_style":"","_kad_post_vertical_padding":"","_kad_post_feature":"","_kad_post_feature_position":"","_kad_post_header":false,"_kad_post_footer":false,"_kad_post_classname":""},"product_brand":[],"product_cat":[61],"product_tag":[],"class_list":{"0":"post-1772","1":"product","2":"type-product","3":"status-publish","4":"has-post-thumbnail","6":"product_cat-usage-domestique","8":"first","9":"instock","10":"shipping-taxable","11":"purchasable","12":"product-type-simple","13":"entry","14":"content-bg","15":"loop-entry"},"_links":{"self":[{"href":"https:\/\/www.agnotita.gr\/fr\/wp-json\/wp\/v2\/product\/1772","targetHints":{"allow":["GET"]}}],"collection":[{"href":"https:\/\/www.agnotita.gr\/fr\/wp-json\/wp\/v2\/product"}],"about":[{"href":"https:\/\/www.agnotita.gr\/fr\/wp-json\/wp\/v2\/types\/product"}],"wp:featuredmedia":[{"embeddable":true,"href":"https:\/\/www.agnotita.gr\/fr\/wp-json\/wp\/v2\/media\/1717"}],"wp:attachment":[{"href":"https:\/\/www.agnotita.gr\/fr\/wp-json\/wp\/v2\/media?parent=1772"}],"wp:term":[{"taxonomy":"product_brand","embeddable":true,"href":"https:\/\/www.agnotita.gr\/fr\/wp-json\/wp\/v2\/product_brand?post=1772"},{"taxonomy":"product_cat","embeddable":true,"href":"https:\/\/www.agnotita.gr\/fr\/wp-json\/wp\/v2\/product_cat?post=1772"},{"taxonomy":"product_tag","embeddable":true,"href":"https:\/\/www.agnotita.gr\/fr\/wp-json\/wp\/v2\/product_tag?post=1772"}],"curies":[{"name":"wp","href":"https:\/\/api.w.org\/{rel}","templated":true}]}}