{"id":1775,"date":"2023-02-10T13:06:22","date_gmt":"2023-02-10T11:06:22","guid":{"rendered":"https:\/\/www.agnotita.gr\/product\/savon-liquide-pour-machine-a-laver-3l\/"},"modified":"2023-02-10T13:06:22","modified_gmt":"2023-02-10T11:06:22","slug":"savon-liquide-pour-machine-a-laver-3l","status":"publish","type":"product","link":"https:\/\/www.agnotita.gr\/fr\/product\/savon-liquide-pour-machine-a-laver-3l\/","title":{"rendered":"Savon liquide pour machine \u00e0 laver 3L"},"content":{"rendered":"","protected":false},"excerpt":{"rendered":"<p>S\u00e9parez les v\u00eatements blancs des v\u00eatements fonc\u00e9s et lavez-les s\u00e9par\u00e9ment, selon les instructions sur les \u00e9tiquettes. Pour chaque lavage de v\u00eatements jusqu&rsquo;\u00e0 5kg, utilisez environ 150g de savon liquide (pour de meilleurs r\u00e9sultats, diluez-le dans environ 1 litre d&rsquo;eau). Placez-le dans la cuve de la machine \u00e0 laver avant d&rsquo;y mettre le linge et de le laver \u00e0 une temp\u00e9rature d&rsquo;eau d&rsquo;au moins 50\u00b0C, sauf si une temp\u00e9rature inf\u00e9rieure est sp\u00e9cifi\u00e9e sur l&rsquo;\u00e9tiquette du linge. Vous remarquerez que vos blancs paraissent plus blancs et les couleurs des color\u00e9s plus intenses, tandis que l&rsquo;odeur distincte du savon pur, qui reste sur les v\u00eatements, est caract\u00e9ristique. En raison de l&rsquo;absence totale de produits chimiques ou de conservateurs, il est consid\u00e9r\u00e9 comme id\u00e9al pour laver tous les v\u00eatements (sauf la soie).<\/p>\n","protected":false},"featured_media":1707,"template":"","meta":{"_kadence_starter_templates_imported_post":false,"_kad_post_transparent":"","_kad_post_title":"","_kad_post_layout":"","_kad_post_sidebar_id":"","_kad_post_content_style":"","_kad_post_vertical_padding":"","_kad_post_feature":"","_kad_post_feature_position":"","_kad_post_header":false,"_kad_post_footer":false,"_kad_post_classname":""},"product_brand":[],"product_cat":[61],"product_tag":[],"class_list":{"0":"post-1775","1":"product","2":"type-product","3":"status-publish","4":"has-post-thumbnail","6":"product_cat-usage-domestique","8":"first","9":"instock","10":"shipping-taxable","11":"purchasable","12":"product-type-simple","13":"entry","14":"content-bg","15":"loop-entry"},"_links":{"self":[{"href":"https:\/\/www.agnotita.gr\/fr\/wp-json\/wp\/v2\/product\/1775","targetHints":{"allow":["GET"]}}],"collection":[{"href":"https:\/\/www.agnotita.gr\/fr\/wp-json\/wp\/v2\/product"}],"about":[{"href":"https:\/\/www.agnotita.gr\/fr\/wp-json\/wp\/v2\/types\/product"}],"wp:featuredmedia":[{"embeddable":true,"href":"https:\/\/www.agnotita.gr\/fr\/wp-json\/wp\/v2\/media\/1707"}],"wp:attachment":[{"href":"https:\/\/www.agnotita.gr\/fr\/wp-json\/wp\/v2\/media?parent=1775"}],"wp:term":[{"taxonomy":"product_brand","embeddable":true,"href":"https:\/\/www.agnotita.gr\/fr\/wp-json\/wp\/v2\/product_brand?post=1775"},{"taxonomy":"product_cat","embeddable":true,"href":"https:\/\/www.agnotita.gr\/fr\/wp-json\/wp\/v2\/product_cat?post=1775"},{"taxonomy":"product_tag","embeddable":true,"href":"https:\/\/www.agnotita.gr\/fr\/wp-json\/wp\/v2\/product_tag?post=1775"}],"curies":[{"name":"wp","href":"https:\/\/api.w.org\/{rel}","templated":true}]}}