{"id":1782,"date":"2023-02-10T13:04:06","date_gmt":"2023-02-10T11:04:06","guid":{"rendered":"https:\/\/www.agnotita.gr\/product\/savon-liquide-a-usage-general-4l\/"},"modified":"2023-02-10T13:04:06","modified_gmt":"2023-02-10T11:04:06","slug":"savon-liquide-a-usage-general-4l","status":"publish","type":"product","link":"https:\/\/www.agnotita.gr\/fr\/product\/savon-liquide-a-usage-general-4l\/","title":{"rendered":"Savon liquide \u00e0 usage g\u00e9n\u00e9ral 4L"},"content":{"rendered":"","protected":false},"excerpt":{"rendered":"<p>Utilisez-le pour le nettoyage des toilettes, pour le lavage des sols, en ajoutant une petite quantit\u00e9 dans l&rsquo;eau, pour le nettoyage &#8211; polissage des meubles (nettoie et entretient les meubles gr\u00e2ce \u00e0 l&rsquo;huile) et en g\u00e9n\u00e9ral pour le nettoyage de votre maison ou espace professionnel.<\/p>\n","protected":false},"featured_media":1702,"template":"","meta":{"_kadence_starter_templates_imported_post":false,"_kad_post_transparent":"","_kad_post_title":"","_kad_post_layout":"","_kad_post_sidebar_id":"","_kad_post_content_style":"","_kad_post_vertical_padding":"","_kad_post_feature":"","_kad_post_feature_position":"","_kad_post_header":false,"_kad_post_footer":false,"_kad_post_classname":""},"product_brand":[],"product_cat":[61],"product_tag":[],"class_list":{"0":"post-1782","1":"product","2":"type-product","3":"status-publish","4":"has-post-thumbnail","6":"product_cat-usage-domestique","8":"first","9":"instock","10":"shipping-taxable","11":"purchasable","12":"product-type-simple","13":"entry","14":"content-bg","15":"loop-entry"},"_links":{"self":[{"href":"https:\/\/www.agnotita.gr\/fr\/wp-json\/wp\/v2\/product\/1782","targetHints":{"allow":["GET"]}}],"collection":[{"href":"https:\/\/www.agnotita.gr\/fr\/wp-json\/wp\/v2\/product"}],"about":[{"href":"https:\/\/www.agnotita.gr\/fr\/wp-json\/wp\/v2\/types\/product"}],"wp:featuredmedia":[{"embeddable":true,"href":"https:\/\/www.agnotita.gr\/fr\/wp-json\/wp\/v2\/media\/1702"}],"wp:attachment":[{"href":"https:\/\/www.agnotita.gr\/fr\/wp-json\/wp\/v2\/media?parent=1782"}],"wp:term":[{"taxonomy":"product_brand","embeddable":true,"href":"https:\/\/www.agnotita.gr\/fr\/wp-json\/wp\/v2\/product_brand?post=1782"},{"taxonomy":"product_cat","embeddable":true,"href":"https:\/\/www.agnotita.gr\/fr\/wp-json\/wp\/v2\/product_cat?post=1782"},{"taxonomy":"product_tag","embeddable":true,"href":"https:\/\/www.agnotita.gr\/fr\/wp-json\/wp\/v2\/product_tag?post=1782"}],"curies":[{"name":"wp","href":"https:\/\/api.w.org\/{rel}","templated":true}]}}