{"id":1784,"date":"2023-02-10T13:00:36","date_gmt":"2023-02-10T11:00:36","guid":{"rendered":"https:\/\/www.agnotita.gr\/product\/savon-liquide-pour-vaisselle-500ml\/"},"modified":"2023-02-10T13:00:36","modified_gmt":"2023-02-10T11:00:36","slug":"savon-liquide-pour-vaisselle-500ml","status":"publish","type":"product","link":"https:\/\/www.agnotita.gr\/fr\/product\/savon-liquide-pour-vaisselle-500ml\/","title":{"rendered":"Savon liquide pour vaisselle 500ml"},"content":{"rendered":"","protected":false},"excerpt":{"rendered":"<p>Dans un r\u00e9cipient avec un peu d&rsquo;eau ti\u00e8de ou chaude, ajoutez une quantit\u00e9 appropri\u00e9e de savon liquide. Mouillez et pressez l&rsquo;\u00e9ponge plusieurs fois, jusqu&rsquo;\u00e0 ce qu&rsquo;une mousse riche se forme. Lavez comme vous savez et ne vous inqui\u00e9tez pas si votre vaisselle n&rsquo;est pas tr\u00e8s bien rinc\u00e9e.<\/p>\n","protected":false},"featured_media":1697,"template":"","meta":{"_kadence_starter_templates_imported_post":false,"_kad_post_transparent":"","_kad_post_title":"","_kad_post_layout":"","_kad_post_sidebar_id":"","_kad_post_content_style":"","_kad_post_vertical_padding":"","_kad_post_feature":"","_kad_post_feature_position":"","_kad_post_header":false,"_kad_post_footer":false,"_kad_post_classname":""},"product_brand":[],"product_cat":[61],"product_tag":[],"class_list":{"0":"post-1784","1":"product","2":"type-product","3":"status-publish","4":"has-post-thumbnail","6":"product_cat-usage-domestique","8":"first","9":"instock","10":"shipping-taxable","11":"purchasable","12":"product-type-simple","13":"entry","14":"content-bg","15":"loop-entry"},"_links":{"self":[{"href":"https:\/\/www.agnotita.gr\/fr\/wp-json\/wp\/v2\/product\/1784","targetHints":{"allow":["GET"]}}],"collection":[{"href":"https:\/\/www.agnotita.gr\/fr\/wp-json\/wp\/v2\/product"}],"about":[{"href":"https:\/\/www.agnotita.gr\/fr\/wp-json\/wp\/v2\/types\/product"}],"wp:featuredmedia":[{"embeddable":true,"href":"https:\/\/www.agnotita.gr\/fr\/wp-json\/wp\/v2\/media\/1697"}],"wp:attachment":[{"href":"https:\/\/www.agnotita.gr\/fr\/wp-json\/wp\/v2\/media?parent=1784"}],"wp:term":[{"taxonomy":"product_brand","embeddable":true,"href":"https:\/\/www.agnotita.gr\/fr\/wp-json\/wp\/v2\/product_brand?post=1784"},{"taxonomy":"product_cat","embeddable":true,"href":"https:\/\/www.agnotita.gr\/fr\/wp-json\/wp\/v2\/product_cat?post=1784"},{"taxonomy":"product_tag","embeddable":true,"href":"https:\/\/www.agnotita.gr\/fr\/wp-json\/wp\/v2\/product_tag?post=1784"}],"curies":[{"name":"wp","href":"https:\/\/api.w.org\/{rel}","templated":true}]}}