{"id":1788,"date":"2023-02-10T12:56:41","date_gmt":"2023-02-10T10:56:41","guid":{"rendered":"https:\/\/www.agnotita.gr\/product\/savon-a-lhuile-dolive-pour-enfants-100gr\/"},"modified":"2025-12-13T20:10:40","modified_gmt":"2025-12-13T18:10:40","slug":"savon-a-lhuile-dolive-pour-enfants-100gr","status":"publish","type":"product","link":"https:\/\/www.agnotita.gr\/fr\/product\/savon-a-lhuile-dolive-pour-enfants-100gr\/","title":{"rendered":"Savon \u00e0 l&rsquo;huile d&rsquo;olive pour enfants 100gr (Indisponible)"},"content":{"rendered":"","protected":false},"excerpt":{"rendered":"<p>Pur, \u00e0 partir d&rsquo;huiles v\u00e9g\u00e9tales s\u00e9lectionn\u00e9es et test\u00e9 par le laboratoire dermato pharmaceutique de l\u2019Universit\u00e9 Nationale et Kapodistrienne d\u2019Ath\u00e8nes, est pr\u00e9par\u00e9 avec un soin particulier pour la peau tendre des enfants. (Apr\u00e8s chaque utilisation, laisser s\u00e9cher le savon en position verticale).<\/p>\n","protected":false},"featured_media":1681,"template":"","meta":{"_kadence_starter_templates_imported_post":false,"_kad_post_transparent":"","_kad_post_title":"","_kad_post_layout":"","_kad_post_sidebar_id":"","_kad_post_content_style":"","_kad_post_vertical_padding":"","_kad_post_feature":"","_kad_post_feature_position":"","_kad_post_header":false,"_kad_post_footer":false,"_kad_post_classname":""},"product_brand":[],"product_cat":[57],"product_tag":[],"class_list":{"0":"post-1788","1":"product","2":"type-product","3":"status-publish","4":"has-post-thumbnail","6":"product_cat-serie-pour-enfants","8":"first","9":"instock","10":"shipping-taxable","11":"purchasable","12":"product-type-simple","13":"entry","14":"content-bg","15":"loop-entry"},"_links":{"self":[{"href":"https:\/\/www.agnotita.gr\/fr\/wp-json\/wp\/v2\/product\/1788","targetHints":{"allow":["GET"]}}],"collection":[{"href":"https:\/\/www.agnotita.gr\/fr\/wp-json\/wp\/v2\/product"}],"about":[{"href":"https:\/\/www.agnotita.gr\/fr\/wp-json\/wp\/v2\/types\/product"}],"wp:featuredmedia":[{"embeddable":true,"href":"https:\/\/www.agnotita.gr\/fr\/wp-json\/wp\/v2\/media\/1681"}],"wp:attachment":[{"href":"https:\/\/www.agnotita.gr\/fr\/wp-json\/wp\/v2\/media?parent=1788"}],"wp:term":[{"taxonomy":"product_brand","embeddable":true,"href":"https:\/\/www.agnotita.gr\/fr\/wp-json\/wp\/v2\/product_brand?post=1788"},{"taxonomy":"product_cat","embeddable":true,"href":"https:\/\/www.agnotita.gr\/fr\/wp-json\/wp\/v2\/product_cat?post=1788"},{"taxonomy":"product_tag","embeddable":true,"href":"https:\/\/www.agnotita.gr\/fr\/wp-json\/wp\/v2\/product_tag?post=1788"}],"curies":[{"name":"wp","href":"https:\/\/api.w.org\/{rel}","templated":true}]}}