{"id":1793,"date":"2023-02-10T12:55:00","date_gmt":"2023-02-10T10:55:00","guid":{"rendered":"https:\/\/www.agnotita.gr\/product\/gel-douche-250-ml\/"},"modified":"2023-02-10T12:55:00","modified_gmt":"2023-02-10T10:55:00","slug":"gel-douche-250-ml","status":"publish","type":"product","link":"https:\/\/www.agnotita.gr\/fr\/product\/gel-douche-250-ml\/","title":{"rendered":"Gel douche 250 ml"},"content":{"rendered":"","protected":false},"excerpt":{"rendered":"<p>Compos\u00e9 d&rsquo;huiles v\u00e9g\u00e9tales s\u00e9lectionn\u00e9es, il offre bien-\u00eatre et d\u00e9tente. Avec l&rsquo;huile d&rsquo;olive comme ingr\u00e9dient principal, il hydrate la peau, la laissant douce et aux pores ouverts, facilitant sa respiration invisible. Sans produits chimiques ni conservateurs, vous pouvez l&rsquo;utiliser sans restriction.<\/p>\n","protected":false},"featured_media":1676,"template":"","meta":{"_kadence_starter_templates_imported_post":false,"_kad_post_transparent":"","_kad_post_title":"","_kad_post_layout":"","_kad_post_sidebar_id":"","_kad_post_content_style":"","_kad_post_vertical_padding":"","_kad_post_feature":"","_kad_post_feature_position":"","_kad_post_header":false,"_kad_post_footer":false,"_kad_post_classname":""},"product_brand":[],"product_cat":[58],"product_tag":[],"class_list":{"0":"post-1793","1":"product","2":"type-product","3":"status-publish","4":"has-post-thumbnail","6":"product_cat-soin-personnel","8":"first","9":"instock","10":"shipping-taxable","11":"purchasable","12":"product-type-simple","13":"entry","14":"content-bg","15":"loop-entry"},"_links":{"self":[{"href":"https:\/\/www.agnotita.gr\/fr\/wp-json\/wp\/v2\/product\/1793","targetHints":{"allow":["GET"]}}],"collection":[{"href":"https:\/\/www.agnotita.gr\/fr\/wp-json\/wp\/v2\/product"}],"about":[{"href":"https:\/\/www.agnotita.gr\/fr\/wp-json\/wp\/v2\/types\/product"}],"wp:featuredmedia":[{"embeddable":true,"href":"https:\/\/www.agnotita.gr\/fr\/wp-json\/wp\/v2\/media\/1676"}],"wp:attachment":[{"href":"https:\/\/www.agnotita.gr\/fr\/wp-json\/wp\/v2\/media?parent=1793"}],"wp:term":[{"taxonomy":"product_brand","embeddable":true,"href":"https:\/\/www.agnotita.gr\/fr\/wp-json\/wp\/v2\/product_brand?post=1793"},{"taxonomy":"product_cat","embeddable":true,"href":"https:\/\/www.agnotita.gr\/fr\/wp-json\/wp\/v2\/product_cat?post=1793"},{"taxonomy":"product_tag","embeddable":true,"href":"https:\/\/www.agnotita.gr\/fr\/wp-json\/wp\/v2\/product_tag?post=1793"}],"curies":[{"name":"wp","href":"https:\/\/api.w.org\/{rel}","templated":true}]}}