{"id":1797,"date":"2023-02-10T12:52:34","date_gmt":"2023-02-10T10:52:34","guid":{"rendered":"https:\/\/www.agnotita.gr\/product\/shampooing-pour-les-cheveux-250ml\/"},"modified":"2023-02-10T12:52:34","modified_gmt":"2023-02-10T10:52:34","slug":"shampooing-pour-les-cheveux-250ml","status":"publish","type":"product","link":"https:\/\/www.agnotita.gr\/fr\/product\/shampooing-pour-les-cheveux-250ml\/","title":{"rendered":"Shampooing pour les cheveux 250ml"},"content":{"rendered":"","protected":false},"excerpt":{"rendered":"<p>Il est compos\u00e9 d\u2019huiles v\u00e9g\u00e9tales s\u00e9lectionn\u00e9es, \u00e0 base d\u2019huile d\u2019olive. En raison de l\u2019absence totale de produits chimiques et de conservateurs, vous pouvez l\u2019utiliser aussi souvent que vous le souhaitez.<\/p>\n","protected":false},"featured_media":1666,"template":"","meta":{"_kadence_starter_templates_imported_post":false,"_kad_post_transparent":"","_kad_post_title":"","_kad_post_layout":"","_kad_post_sidebar_id":"","_kad_post_content_style":"","_kad_post_vertical_padding":"","_kad_post_feature":"","_kad_post_feature_position":"","_kad_post_header":false,"_kad_post_footer":false,"_kad_post_classname":""},"product_brand":[],"product_cat":[58],"product_tag":[],"class_list":{"0":"post-1797","1":"product","2":"type-product","3":"status-publish","4":"has-post-thumbnail","6":"product_cat-soin-personnel","8":"first","9":"instock","10":"shipping-taxable","11":"purchasable","12":"product-type-simple","13":"entry","14":"content-bg","15":"loop-entry"},"_links":{"self":[{"href":"https:\/\/www.agnotita.gr\/fr\/wp-json\/wp\/v2\/product\/1797","targetHints":{"allow":["GET"]}}],"collection":[{"href":"https:\/\/www.agnotita.gr\/fr\/wp-json\/wp\/v2\/product"}],"about":[{"href":"https:\/\/www.agnotita.gr\/fr\/wp-json\/wp\/v2\/types\/product"}],"wp:featuredmedia":[{"embeddable":true,"href":"https:\/\/www.agnotita.gr\/fr\/wp-json\/wp\/v2\/media\/1666"}],"wp:attachment":[{"href":"https:\/\/www.agnotita.gr\/fr\/wp-json\/wp\/v2\/media?parent=1797"}],"wp:term":[{"taxonomy":"product_brand","embeddable":true,"href":"https:\/\/www.agnotita.gr\/fr\/wp-json\/wp\/v2\/product_brand?post=1797"},{"taxonomy":"product_cat","embeddable":true,"href":"https:\/\/www.agnotita.gr\/fr\/wp-json\/wp\/v2\/product_cat?post=1797"},{"taxonomy":"product_tag","embeddable":true,"href":"https:\/\/www.agnotita.gr\/fr\/wp-json\/wp\/v2\/product_tag?post=1797"}],"curies":[{"name":"wp","href":"https:\/\/api.w.org\/{rel}","templated":true}]}}