{"id":1799,"date":"2023-02-10T12:51:27","date_gmt":"2023-02-10T10:51:27","guid":{"rendered":"https:\/\/www.agnotita.gr\/product\/savon-pour-les-cheveux-100g\/"},"modified":"2023-02-10T15:04:59","modified_gmt":"2023-02-10T13:04:59","slug":"savon-pour-les-cheveux-100g","status":"publish","type":"product","link":"https:\/\/www.agnotita.gr\/fr\/product\/savon-pour-les-cheveux-100g\/","title":{"rendered":"Savon pour les cheveux 100g"},"content":{"rendered":"","protected":false},"excerpt":{"rendered":"<p>Contient des extraits de deux plantes, laurier et romarin. Il r\u00e9duit la chute des cheveux, les assombrit l\u00e9g\u00e8rement, agit contre la pellicule et donne une sensation de volume et de brillance. Vous pouvez vous laver les cheveux aussi souvent que vous le souhaitez. (Apr\u00e8s chaque usage, laisser s\u00e9cher le savon en position verticale).<\/p>\n","protected":false},"featured_media":1661,"template":"","meta":{"_kadence_starter_templates_imported_post":false,"_kad_post_transparent":"","_kad_post_title":"","_kad_post_layout":"","_kad_post_sidebar_id":"","_kad_post_content_style":"","_kad_post_vertical_padding":"","_kad_post_feature":"","_kad_post_feature_position":"","_kad_post_header":false,"_kad_post_footer":false,"_kad_post_classname":""},"product_brand":[],"product_cat":[58],"product_tag":[],"class_list":{"0":"post-1799","1":"product","2":"type-product","3":"status-publish","4":"has-post-thumbnail","6":"product_cat-soin-personnel","8":"first","9":"instock","10":"shipping-taxable","11":"purchasable","12":"product-type-simple","13":"entry","14":"content-bg","15":"loop-entry"},"_links":{"self":[{"href":"https:\/\/www.agnotita.gr\/fr\/wp-json\/wp\/v2\/product\/1799","targetHints":{"allow":["GET"]}}],"collection":[{"href":"https:\/\/www.agnotita.gr\/fr\/wp-json\/wp\/v2\/product"}],"about":[{"href":"https:\/\/www.agnotita.gr\/fr\/wp-json\/wp\/v2\/types\/product"}],"wp:featuredmedia":[{"embeddable":true,"href":"https:\/\/www.agnotita.gr\/fr\/wp-json\/wp\/v2\/media\/1661"}],"wp:attachment":[{"href":"https:\/\/www.agnotita.gr\/fr\/wp-json\/wp\/v2\/media?parent=1799"}],"wp:term":[{"taxonomy":"product_brand","embeddable":true,"href":"https:\/\/www.agnotita.gr\/fr\/wp-json\/wp\/v2\/product_brand?post=1799"},{"taxonomy":"product_cat","embeddable":true,"href":"https:\/\/www.agnotita.gr\/fr\/wp-json\/wp\/v2\/product_cat?post=1799"},{"taxonomy":"product_tag","embeddable":true,"href":"https:\/\/www.agnotita.gr\/fr\/wp-json\/wp\/v2\/product_tag?post=1799"}],"curies":[{"name":"wp","href":"https:\/\/api.w.org\/{rel}","templated":true}]}}