{"id":1805,"date":"2023-02-10T12:50:19","date_gmt":"2023-02-10T10:50:19","guid":{"rendered":"https:\/\/www.agnotita.gr\/product\/savon-pour-le-visage-100g\/"},"modified":"2023-02-10T12:50:19","modified_gmt":"2023-02-10T10:50:19","slug":"savon-pour-le-visage-100g","status":"publish","type":"product","link":"https:\/\/www.agnotita.gr\/fr\/product\/savon-pour-le-visage-100g\/","title":{"rendered":"Savon pour le visage 100g"},"content":{"rendered":"","protected":false},"excerpt":{"rendered":"<p>Formez une mousse riche et appliquez sur votre visage avec un l\u00e9ger massage, matin et soir. Vous remarquerez bient\u00f4t qu\u2019il r\u00e9duit les rides et que la sensation de douceur et de tendresse de la peau est caract\u00e9ristique, tandis que l\u2019hydratation restante permet \u00e0 la peau de respirer, sans fermer les pores. Encore une merveilleuse caract\u00e9ristique de l\u2019huile d\u2019olive ! Vous pouvez probablement l\u2019utiliser en tant que substitut de votre cosm\u00e9tique comme il est pur, sain et peu co\u00fbteux ! (Apr\u00e8s chaque usage, laisser s\u00e9cher le savon en position verticale).<\/p>\n","protected":false},"featured_media":1656,"template":"","meta":{"_kadence_starter_templates_imported_post":false,"_kad_post_transparent":"","_kad_post_title":"","_kad_post_layout":"","_kad_post_sidebar_id":"","_kad_post_content_style":"","_kad_post_vertical_padding":"","_kad_post_feature":"","_kad_post_feature_position":"","_kad_post_header":false,"_kad_post_footer":false,"_kad_post_classname":""},"product_brand":[],"product_cat":[58],"product_tag":[],"class_list":{"0":"post-1805","1":"product","2":"type-product","3":"status-publish","4":"has-post-thumbnail","6":"product_cat-soin-personnel","8":"first","9":"instock","10":"shipping-taxable","11":"purchasable","12":"product-type-simple","13":"entry","14":"content-bg","15":"loop-entry"},"_links":{"self":[{"href":"https:\/\/www.agnotita.gr\/fr\/wp-json\/wp\/v2\/product\/1805","targetHints":{"allow":["GET"]}}],"collection":[{"href":"https:\/\/www.agnotita.gr\/fr\/wp-json\/wp\/v2\/product"}],"about":[{"href":"https:\/\/www.agnotita.gr\/fr\/wp-json\/wp\/v2\/types\/product"}],"wp:featuredmedia":[{"embeddable":true,"href":"https:\/\/www.agnotita.gr\/fr\/wp-json\/wp\/v2\/media\/1656"}],"wp:attachment":[{"href":"https:\/\/www.agnotita.gr\/fr\/wp-json\/wp\/v2\/media?parent=1805"}],"wp:term":[{"taxonomy":"product_brand","embeddable":true,"href":"https:\/\/www.agnotita.gr\/fr\/wp-json\/wp\/v2\/product_brand?post=1805"},{"taxonomy":"product_cat","embeddable":true,"href":"https:\/\/www.agnotita.gr\/fr\/wp-json\/wp\/v2\/product_cat?post=1805"},{"taxonomy":"product_tag","embeddable":true,"href":"https:\/\/www.agnotita.gr\/fr\/wp-json\/wp\/v2\/product_tag?post=1805"}],"curies":[{"name":"wp","href":"https:\/\/api.w.org\/{rel}","templated":true}]}}