{"id":1812,"date":"2023-02-10T12:40:04","date_gmt":"2023-02-10T10:40:04","guid":{"rendered":"https:\/\/www.agnotita.gr\/product\/savon-pour-tout-usage-100gr\/"},"modified":"2023-02-10T15:26:51","modified_gmt":"2023-02-10T13:26:51","slug":"savon-pour-tout-usage-100gr","status":"publish","type":"product","link":"https:\/\/www.agnotita.gr\/fr\/product\/savon-pour-tout-usage-100gr\/","title":{"rendered":"Savon pour tout usage 100gr"},"content":{"rendered":"<p><br data-mce-bogus=\"1\"><\/p>\n","protected":false},"excerpt":{"rendered":"<p>Peu importe la partie du corps sur laquelle vous l\u2019utiliserez, comme l\u2019\u00e9l\u00e9ment principal est l\u2019huile d\u2019olive pure et en combinaison avec la glyc\u00e9rine qui se produit durant la saponification, vous sentirez l\u2019hydratation et la douceur de la peau. Convient \u00e9galement comme shampooing, r\u00e9duisant la chute des cheveux et les renfor\u00e7ant. (Apr\u00e8s chaque usage, laisser s\u00e9cher le savon en position verticale).<\/p>\n","protected":false},"featured_media":1645,"template":"","meta":{"_kadence_starter_templates_imported_post":false,"_kad_post_transparent":"","_kad_post_title":"","_kad_post_layout":"","_kad_post_sidebar_id":"","_kad_post_content_style":"","_kad_post_vertical_padding":"","_kad_post_feature":"","_kad_post_feature_position":"","_kad_post_header":false,"_kad_post_footer":false,"_kad_post_classname":""},"product_brand":[],"product_cat":[58],"product_tag":[59],"class_list":{"0":"post-1812","1":"product","2":"type-product","3":"status-publish","4":"has-post-thumbnail","6":"product_cat-soin-personnel","7":"product_tag-soin-personnel","9":"first","10":"instock","11":"shipping-taxable","12":"purchasable","13":"product-type-simple","14":"entry","15":"content-bg","16":"loop-entry"},"_links":{"self":[{"href":"https:\/\/www.agnotita.gr\/fr\/wp-json\/wp\/v2\/product\/1812","targetHints":{"allow":["GET"]}}],"collection":[{"href":"https:\/\/www.agnotita.gr\/fr\/wp-json\/wp\/v2\/product"}],"about":[{"href":"https:\/\/www.agnotita.gr\/fr\/wp-json\/wp\/v2\/types\/product"}],"wp:featuredmedia":[{"embeddable":true,"href":"https:\/\/www.agnotita.gr\/fr\/wp-json\/wp\/v2\/media\/1645"}],"wp:attachment":[{"href":"https:\/\/www.agnotita.gr\/fr\/wp-json\/wp\/v2\/media?parent=1812"}],"wp:term":[{"taxonomy":"product_brand","embeddable":true,"href":"https:\/\/www.agnotita.gr\/fr\/wp-json\/wp\/v2\/product_brand?post=1812"},{"taxonomy":"product_cat","embeddable":true,"href":"https:\/\/www.agnotita.gr\/fr\/wp-json\/wp\/v2\/product_cat?post=1812"},{"taxonomy":"product_tag","embeddable":true,"href":"https:\/\/www.agnotita.gr\/fr\/wp-json\/wp\/v2\/product_tag?post=1812"}],"curies":[{"name":"wp","href":"https:\/\/api.w.org\/{rel}","templated":true}]}}