{"id":1938,"date":"2023-02-11T11:48:52","date_gmt":"2023-02-11T09:48:52","guid":{"rendered":"https:\/\/www.agnotita.gr\/?page_id=1938"},"modified":"2025-05-23T13:07:19","modified_gmt":"2025-05-23T10:07:19","slug":"saponi-allolio-di-oliva-del-saponificio-soap-purity","status":"publish","type":"page","link":"https:\/\/www.agnotita.gr\/it\/","title":{"rendered":"Saponi all\u2019Olio di Oliva del Saponificio \u201cSoap Purity\u201d"},"content":{"rendered":"<style>.kadence-column1938_2e4399-d4{max-width:1200px;margin-left:auto;margin-right:auto;}.wp-block-kadence-column.kb-section-dir-horizontal:not(.kb-section-md-dir-vertical)>.kt-inside-inner-col>.kadence-column1938_2e4399-d4{-webkit-flex:0 1 1200px;flex:0 1 1200px;max-width:unset;margin-left:unset;margin-right:unset;}.kadence-column1938_2e4399-d4 > .kt-inside-inner-col,.kadence-column1938_2e4399-d4 > .kt-inside-inner-col:before{border-top-left-radius:0px;border-top-right-radius:0px;border-bottom-right-radius:0px;border-bottom-left-radius:0px;}.kadence-column1938_2e4399-d4 > .kt-inside-inner-col{column-gap:var(--global-kb-gap-sm, 1rem);}.kadence-column1938_2e4399-d4 > .kt-inside-inner-col{flex-direction:column;}.kadence-column1938_2e4399-d4 > .kt-inside-inner-col > .aligncenter{width:100%;}.kadence-column1938_2e4399-d4 > .kt-inside-inner-col:before{opacity:0.3;}.kadence-column1938_2e4399-d4{position:relative;}.kadence-column1938_2e4399-d4, .kt-inside-inner-col > .kadence-column1938_2e4399-d4:not(.specificity){margin-top:40px;margin-bottom:40px;}@media all and (min-width: 1025px){.wp-block-kadence-column.kb-section-dir-horizontal>.kt-inside-inner-col>.kadence-column1938_2e4399-d4{-webkit-flex:0 1 1200px;flex:0 1 1200px;max-width:unset;margin-left:unset;margin-right:unset;}}@media all and (max-width: 1024px){.kadence-column1938_2e4399-d4 > .kt-inside-inner-col{flex-direction:column;justify-content:center;}}@media all and (max-width: 767px){.wp-block-kadence-column.kb-section-sm-dir-vertical:not(.kb-section-sm-dir-horizontal):not(.kb-section-sm-dir-specificity)>.kt-inside-inner-col>.kadence-column1938_2e4399-d4{max-width:1200px;-webkit-flex:1;flex:1;margin-left:auto;margin-right:auto;}.kadence-column1938_2e4399-d4 > .kt-inside-inner-col{flex-direction:column;justify-content:center;}}<\/style>\n<div class=\"wp-block-kadence-column kadence-column1938_2e4399-d4 inner-column-1\"><div class=\"kt-inside-inner-col\"><style>.wp-block-kadence-advancedheading.kt-adv-heading1938_f488e8-4a, .wp-block-kadence-advancedheading.kt-adv-heading1938_f488e8-4a[data-kb-block=\"kb-adv-heading1938_f488e8-4a\"]{text-align:center;font-size:44px;font-weight:400;font-style:normal;font-family:'Roboto Condensed';text-transform:none;color:#1e1e1e;}.wp-block-kadence-advancedheading.kt-adv-heading1938_f488e8-4a mark.kt-highlight, .wp-block-kadence-advancedheading.kt-adv-heading1938_f488e8-4a[data-kb-block=\"kb-adv-heading1938_f488e8-4a\"] mark.kt-highlight{font-style:normal;color:#f76a0c;-webkit-box-decoration-break:clone;box-decoration-break:clone;padding-top:0px;padding-right:0px;padding-bottom:0px;padding-left:0px;}.wp-block-kadence-advancedheading.kt-adv-heading1938_f488e8-4a img.kb-inline-image, .wp-block-kadence-advancedheading.kt-adv-heading1938_f488e8-4a[data-kb-block=\"kb-adv-heading1938_f488e8-4a\"] img.kb-inline-image{width:150px;vertical-align:baseline;}@media all and (max-width: 767px){.wp-block-kadence-advancedheading.kt-adv-heading1938_f488e8-4a, .wp-block-kadence-advancedheading.kt-adv-heading1938_f488e8-4a[data-kb-block=\"kb-adv-heading1938_f488e8-4a\"]{font-size:36px;}}<\/style>\n<h1 class=\"kt-adv-heading1938_f488e8-4a wp-block-kadence-advancedheading\" data-kb-block=\"kb-adv-heading1938_f488e8-4a\">Saponi all&#8217;Olio di Oliva del Saponificio &#8220;Soap Purity&#8221;<\/h1>\n\n\n<style>.kb-image1938_ea2677-32 .kb-image-has-overlay:after{opacity:0.3;}<\/style>\n<div class=\"wp-block-kadence-image kb-image1938_ea2677-32\"><figure class=\"aligncenter size-large\"><img decoding=\"async\" width=\"1200\" height=\"366\" src=\"https:\/\/www.agnotita.gr\/wp-content\/uploads\/2023\/02\/agnotita-header-english-1200x366.png\" alt=\"header no chemicals pure olive oil soaps\" class=\"kb-img wp-image-1981\" srcset=\"https:\/\/www.agnotita.gr\/wp-content\/uploads\/2023\/02\/agnotita-header-english-1200x366.png 1200w, https:\/\/www.agnotita.gr\/wp-content\/uploads\/2023\/02\/agnotita-header-english-600x183.png 600w\" sizes=\"(max-width: 1200px) 100vw, 1200px\" \/><\/figure><\/div>\n\n\n<style>.kb-row-layout-wrap.wp-block-kadence-rowlayout.kb-row-layout-id1938_f443dc-72{margin-top:40px;margin-bottom:40px;}.kb-row-layout-id1938_f443dc-72 > .kt-row-column-wrap{align-content:start;}:where(.kb-row-layout-id1938_f443dc-72 > .kt-row-column-wrap) > .wp-block-kadence-column{justify-content:start;}.kb-row-layout-id1938_f443dc-72 > .kt-row-column-wrap{column-gap:var(--global-kb-gap-md, 2rem);row-gap:var(--global-kb-gap-md, 2rem);max-width:var( --global-content-width, 1290px );padding-left:var(--global-content-edge-padding);padding-right:var(--global-content-edge-padding);padding-top:var(--global-kb-spacing-sm, 1.5rem);padding-bottom:var(--global-kb-spacing-sm, 1.5rem);grid-template-columns:minmax(0, 1fr);}.kb-row-layout-id1938_f443dc-72 > .kt-row-layout-overlay{opacity:0.30;}@media all and (max-width: 1024px){.kb-row-layout-id1938_f443dc-72 > .kt-row-column-wrap{grid-template-columns:minmax(0, 1fr);}}@media all and (max-width: 767px){.kb-row-layout-id1938_f443dc-72 > .kt-row-column-wrap{grid-template-columns:minmax(0, 1fr);}}<\/style><div class=\"kb-row-layout-wrap kb-row-layout-id1938_f443dc-72 alignnone wp-block-kadence-rowlayout\"><div class=\"kt-row-column-wrap kt-has-1-columns kt-row-layout-equal kt-tab-layout-inherit kt-mobile-layout-row kt-row-valign-top kb-theme-content-width\">\n<style>.kadence-column1938_ae267b-71 > .kt-inside-inner-col,.kadence-column1938_ae267b-71 > .kt-inside-inner-col:before{border-top-left-radius:0px;border-top-right-radius:0px;border-bottom-right-radius:0px;border-bottom-left-radius:0px;}.kadence-column1938_ae267b-71 > .kt-inside-inner-col{column-gap:var(--global-kb-gap-sm, 1rem);}.kadence-column1938_ae267b-71 > .kt-inside-inner-col{flex-direction:column;}.kadence-column1938_ae267b-71 > .kt-inside-inner-col > .aligncenter{width:100%;}.kadence-column1938_ae267b-71 > .kt-inside-inner-col:before{opacity:0.3;}.kadence-column1938_ae267b-71, .kadence-column1938_ae267b-71 h1, .kadence-column1938_ae267b-71 h2, .kadence-column1938_ae267b-71 h3, .kadence-column1938_ae267b-71 h4, .kadence-column1938_ae267b-71 h5, .kadence-column1938_ae267b-71 h6{color:var(--global-palette4, #2D3748);}.kadence-column1938_ae267b-71{position:relative;}@media all and (max-width: 1024px){.kadence-column1938_ae267b-71 > .kt-inside-inner-col{flex-direction:column;justify-content:center;}}@media all and (max-width: 767px){.kadence-column1938_ae267b-71 > .kt-inside-inner-col{flex-direction:column;justify-content:center;}}<\/style>\n<div class=\"wp-block-kadence-column kadence-column1938_ae267b-71 inner-column-1\"><div class=\"kt-inside-inner-col\">\n<p>Le sostanze sintetiche hanno invaso la maggior parte dei settori della nostra vita.&nbsp;Mentre stiamo attenti agli ingredienti contenuti negli alimenti, non facciamo lo stesso con i prodotti per l&#8217;igiene fisica e la pulizia.&nbsp;Ma la nostra pelle assorbe immediatamente le sostanze tossiche che possono essere contenute in questi prodotti.&nbsp;Con gli stessi criteri con cui scegliamo ci\u00f2 che portiamo sulla nostra tavola, \u00e8 bene scegliere anche ci\u00f2 che entra nel nostro corpo.<\/p>\n\n\n\n<p>Il saponificio&nbsp;<strong>&#8220;Soap Purity&#8221; (Purezza)<\/strong>&nbsp;produce&nbsp;<strong>saponi tradizionali all&#8217;olio d&#8217;oliva<\/strong>&nbsp;in forma solida e liquida,&nbsp;<strong>completamente<\/strong>&nbsp;privi di sostanze chimiche e conservanti.&nbsp;Affermiamo categoricamente che oltre alla soda o alla potassa,che sono indispensabili per la saponificazione, i nostri prodotti contengono solo olio di oliva o altri oli vegetali essenziali e sono testati dai laboratori di dermatologia dell\u2019 Universit\u00e0 Nazionale di Kapodistria di Atene&nbsp;per la compatibilit\u00e0 con la pelle umana, conforme alla Direttiva n. 1223\/2009 del Parlamento europeo.<\/p>\n\n\n\n<p>Garantiamo la genuinit\u00e0 dei nostri prodotti.&nbsp;Ma sarete voi a giudicare la loro efficacia.&nbsp;Poich\u00e9 riteniamo che la migliore pubblicit\u00e0 per un prodotto sia il prodotto stesso, suggeriamo di provare uno o anche pi\u00f9 prodotti e di trarre le conclusioni senza condizionamenti.<\/p>\n\n\n\n<p>I vostri commenti o suggerimenti saranno molto apprezzati.<\/p>\n\n\n\n<p>Cordiali saluti,<br>Spanakis Costas&nbsp;<\/p>\n<\/div><\/div>\n\n<\/div><\/div><\/div><\/div>\n\n\n<div class=\"wp-block-image\">\n<figure class=\"aligncenter size-full\"><img decoding=\"async\" width=\"1200\" height=\"900\" src=\"https:\/\/www.agnotita.gr\/wp-content\/uploads\/2023\/02\/agnotita-basket-1200X900-2.jpg\" alt=\"Saponi all'Olio di Oliva del Saponificio &quot;Soap Purity&quot;\" class=\"wp-image-1752\" srcset=\"https:\/\/www.agnotita.gr\/wp-content\/uploads\/2023\/02\/agnotita-basket-1200X900-2.jpg 1200w, https:\/\/www.agnotita.gr\/wp-content\/uploads\/2023\/02\/agnotita-basket-1200X900-2-600x450.jpg 600w\" sizes=\"(max-width: 1200px) 100vw, 1200px\" \/><\/figure>\n<\/div>\n\n<style>.kb-row-layout-id1938_065440-c8 > .kt-row-column-wrap{align-content:start;}:where(.kb-row-layout-id1938_065440-c8 > .kt-row-column-wrap) > .wp-block-kadence-column{justify-content:start;}.kb-row-layout-id1938_065440-c8 > .kt-row-column-wrap{column-gap:var(--global-kb-gap-md, 2rem);row-gap:var(--global-kb-gap-md, 2rem);max-width:var( --global-content-width, 1290px );padding-left:var(--global-content-edge-padding);padding-right:var(--global-content-edge-padding);padding-top:100px;padding-bottom:100px;grid-template-columns:minmax(0, 1fr);}.kb-row-layout-id1938_065440-c8{background-color:#f5f5f1;}.kb-row-layout-id1938_065440-c8 > .kt-row-layout-overlay{opacity:0.44;background-image:url('https:\/\/www.agnotita.gr\/wp-content\/uploads\/2021\/12\/pexels-aleksandar-pasaric-13213712.jpg');background-size:cover;background-position:center center;background-attachment:scroll;background-repeat:no-repeat;mix-blend-mode:multiply;}@media all and (max-width: 1024px){.kb-row-layout-id1938_065440-c8 > .kt-row-column-wrap{grid-template-columns:minmax(0, 1fr);}}@media all and (max-width: 767px){.kb-row-layout-id1938_065440-c8 > .kt-row-column-wrap{grid-template-columns:minmax(0, 1fr);}}<\/style><div class=\"kb-row-layout-wrap kb-row-layout-id1938_065440-c8 alignnone kt-row-has-bg wp-block-kadence-rowlayout\"><div class=\"kt-row-layout-overlay kt-row-overlay-normal\"><\/div><div class=\"kt-row-column-wrap kt-has-1-columns kt-row-layout-equal kt-tab-layout-inherit kt-mobile-layout-row kt-row-valign-top kb-theme-content-width\">\n<style>.kadence-column1938_8b267e-cd > .kt-inside-inner-col,.kadence-column1938_8b267e-cd > .kt-inside-inner-col:before{border-top-left-radius:0px;border-top-right-radius:0px;border-bottom-right-radius:0px;border-bottom-left-radius:0px;}.kadence-column1938_8b267e-cd > .kt-inside-inner-col{column-gap:var(--global-kb-gap-sm, 1rem);}.kadence-column1938_8b267e-cd > .kt-inside-inner-col{flex-direction:column;}.kadence-column1938_8b267e-cd > .kt-inside-inner-col > .aligncenter{width:100%;}.kadence-column1938_8b267e-cd > .kt-inside-inner-col:before{opacity:0.3;}.kadence-column1938_8b267e-cd{position:relative;}@media all and (max-width: 1024px){.kadence-column1938_8b267e-cd > .kt-inside-inner-col{flex-direction:column;justify-content:center;}}@media all and (max-width: 767px){.kadence-column1938_8b267e-cd > .kt-inside-inner-col{flex-direction:column;justify-content:center;}}<\/style>\n<div class=\"wp-block-kadence-column kadence-column1938_8b267e-cd inner-column-1\"><div class=\"kt-inside-inner-col\"><style>.wp-block-kadence-advancedheading.kt-adv-heading1938_bd4ebd-51, .wp-block-kadence-advancedheading.kt-adv-heading1938_bd4ebd-51[data-kb-block=\"kb-adv-heading1938_bd4ebd-51\"]{text-align:center;font-size:var(--global-kb-font-size-xl, 3rem);font-style:normal;}.wp-block-kadence-advancedheading.kt-adv-heading1938_bd4ebd-51 mark.kt-highlight, .wp-block-kadence-advancedheading.kt-adv-heading1938_bd4ebd-51[data-kb-block=\"kb-adv-heading1938_bd4ebd-51\"] mark.kt-highlight{font-style:normal;color:#f76a0c;-webkit-box-decoration-break:clone;box-decoration-break:clone;padding-top:0px;padding-right:0px;padding-bottom:0px;padding-left:0px;}.wp-block-kadence-advancedheading.kt-adv-heading1938_bd4ebd-51 img.kb-inline-image, .wp-block-kadence-advancedheading.kt-adv-heading1938_bd4ebd-51[data-kb-block=\"kb-adv-heading1938_bd4ebd-51\"] img.kb-inline-image{width:150px;vertical-align:baseline;}<\/style>\n<h2 class=\"kt-adv-heading1938_bd4ebd-51 wp-block-kadence-advancedheading has-theme-palette-4-color has-text-color\" data-kb-block=\"kb-adv-heading1938_bd4ebd-51\">&#8220;Soap Purity&#8221;<\/h2>\n\n\n\n<p class=\"has-text-align-center has-theme-palette-4-color has-text-color has-link-color wp-elements-95faf7e26859147a19b79f693065a420\">\u2713 Proteggiamo la nostra salute e l&#8217;ambiente<br>\u2713 Sosteniamo l\u2019economia locale<br>\u2713 Creiamo posti di lavoro<\/p>\n\n\n\n<p class=\"has-text-align-center has-theme-palette-4-color has-text-color has-link-color wp-elements-ac171d88eafc835415ff4dbe8cc4209e\">Se sei soddisfatto dei nostri prodotti, dillo ai tuoi amici. In caso contrario, non esitare a segnalarcelo!<\/p>\n<\/div><\/div>\n\n<\/div><\/div>","protected":false},"excerpt":{"rendered":"<p>Saponi all&#8217;Olio di Oliva del Saponificio &#8220;Soap Purity&#8221; Le sostanze sintetiche hanno invaso la maggior parte dei settori della nostra vita.&nbsp;Mentre stiamo attenti agli ingredienti contenuti negli alimenti, non facciamo lo stesso con i prodotti per l&#8217;igiene fisica e la pulizia.&nbsp;Ma la nostra pelle assorbe immediatamente le sostanze tossiche che possono essere contenute in questi&#8230;<\/p>\n","protected":false},"author":1,"featured_media":1558,"parent":0,"menu_order":0,"comment_status":"closed","ping_status":"closed","template":"","meta":{"_kadence_starter_templates_imported_post":false,"_kad_post_transparent":"","_kad_post_title":"hide","_kad_post_layout":"","_kad_post_sidebar_id":"","_kad_post_content_style":"","_kad_post_vertical_padding":"hide","_kad_post_feature":"","_kad_post_feature_position":"","_kad_post_header":false,"_kad_post_footer":false,"_kad_post_classname":"","footnotes":""},"class_list":["post-1938","page","type-page","status-publish","has-post-thumbnail","hentry"],"_links":{"self":[{"href":"https:\/\/www.agnotita.gr\/it\/wp-json\/wp\/v2\/pages\/1938","targetHints":{"allow":["GET"]}}],"collection":[{"href":"https:\/\/www.agnotita.gr\/it\/wp-json\/wp\/v2\/pages"}],"about":[{"href":"https:\/\/www.agnotita.gr\/it\/wp-json\/wp\/v2\/types\/page"}],"author":[{"embeddable":true,"href":"https:\/\/www.agnotita.gr\/it\/wp-json\/wp\/v2\/users\/1"}],"replies":[{"embeddable":true,"href":"https:\/\/www.agnotita.gr\/it\/wp-json\/wp\/v2\/comments?post=1938"}],"version-history":[{"count":7,"href":"https:\/\/www.agnotita.gr\/it\/wp-json\/wp\/v2\/pages\/1938\/revisions"}],"predecessor-version":[{"id":2460,"href":"https:\/\/www.agnotita.gr\/it\/wp-json\/wp\/v2\/pages\/1938\/revisions\/2460"}],"wp:featuredmedia":[{"embeddable":true,"href":"https:\/\/www.agnotita.gr\/it\/wp-json\/wp\/v2\/media\/1558"}],"wp:attachment":[{"href":"https:\/\/www.agnotita.gr\/it\/wp-json\/wp\/v2\/media?parent=1938"}],"curies":[{"name":"wp","href":"https:\/\/api.w.org\/{rel}","templated":true}]}}