{"id":1955,"date":"2023-02-10T13:12:50","date_gmt":"2023-02-10T11:12:50","guid":{"rendered":"https:\/\/www.agnotita.gr\/product\/sapone-liquido-per-le-mani-sapone-in-crema-30ml\/"},"modified":"2023-02-10T13:12:50","modified_gmt":"2023-02-10T11:12:50","slug":"sapone-liquido-per-le-mani-sapone-in-crema-30ml","status":"publish","type":"product","link":"https:\/\/www.agnotita.gr\/it\/product\/sapone-liquido-per-le-mani-sapone-in-crema-30ml\/","title":{"rendered":"Sapone liquido per le mani (sapone in crema) 30ml"},"content":{"rendered":"","protected":false},"excerpt":{"rendered":"<p>L&#8217;uso esclusivo di oli vegetali di qualit\u00e0, ne implica la purezza. Con ricca schiuma, deterge e tratta le mani, lasciandole morbide. Una piccola quantit\u00e0 di sapone liquido \u00e8 sufficiente per creare abbastanza schiuma.<\/p>\n","protected":false},"featured_media":1743,"template":"","meta":{"_kadence_starter_templates_imported_post":false,"_kad_post_transparent":"","_kad_post_title":"","_kad_post_layout":"","_kad_post_sidebar_id":"","_kad_post_content_style":"","_kad_post_vertical_padding":"","_kad_post_feature":"","_kad_post_feature_position":"","_kad_post_header":false,"_kad_post_footer":false,"_kad_post_classname":""},"product_brand":[],"product_cat":[69],"product_tag":[],"class_list":{"0":"post-1955","1":"product","2":"type-product","3":"status-publish","4":"has-post-thumbnail","6":"product_cat-serie-per-hotel","8":"first","9":"instock","10":"shipping-taxable","11":"purchasable","12":"product-type-simple","13":"entry","14":"content-bg","15":"loop-entry"},"_links":{"self":[{"href":"https:\/\/www.agnotita.gr\/it\/wp-json\/wp\/v2\/product\/1955","targetHints":{"allow":["GET"]}}],"collection":[{"href":"https:\/\/www.agnotita.gr\/it\/wp-json\/wp\/v2\/product"}],"about":[{"href":"https:\/\/www.agnotita.gr\/it\/wp-json\/wp\/v2\/types\/product"}],"wp:featuredmedia":[{"embeddable":true,"href":"https:\/\/www.agnotita.gr\/it\/wp-json\/wp\/v2\/media\/1743"}],"wp:attachment":[{"href":"https:\/\/www.agnotita.gr\/it\/wp-json\/wp\/v2\/media?parent=1955"}],"wp:term":[{"taxonomy":"product_brand","embeddable":true,"href":"https:\/\/www.agnotita.gr\/it\/wp-json\/wp\/v2\/product_brand?post=1955"},{"taxonomy":"product_cat","embeddable":true,"href":"https:\/\/www.agnotita.gr\/it\/wp-json\/wp\/v2\/product_cat?post=1955"},{"taxonomy":"product_tag","embeddable":true,"href":"https:\/\/www.agnotita.gr\/it\/wp-json\/wp\/v2\/product_tag?post=1955"}],"curies":[{"name":"wp","href":"https:\/\/api.w.org\/{rel}","templated":true}]}}