{"id":1972,"date":"2023-02-10T12:40:04","date_gmt":"2023-02-10T10:40:04","guid":{"rendered":"https:\/\/www.agnotita.gr\/product\/sapone-per-ogni-uso-100gr\/"},"modified":"2023-02-10T12:40:04","modified_gmt":"2023-02-10T10:40:04","slug":"sapone-per-ogni-uso-100gr","status":"publish","type":"product","link":"https:\/\/www.agnotita.gr\/it\/product\/sapone-per-ogni-uso-100gr\/","title":{"rendered":"Sapone per ogni uso 100gr"},"content":{"rendered":"","protected":false},"excerpt":{"rendered":"<p>Poco importa su quale parte del corpo si utilizza , perch\u00e8 il suo elemento predominante \u00e8 l&#8217;olio di oliva puro , combinato con la glicerina prodotta durante la saponificazione. Sentirai ,perci\u00f2,la pelle morbida e idratata. Adatto anche per lo shampoo, riduce la caduta dei capelli e \u00a0li rinforza. (Dopo ogni uso, lasciare asciugare il sapone in posizione verticale).<\/p>\n","protected":false},"featured_media":1646,"template":"","meta":{"_kadence_starter_templates_imported_post":false,"_kad_post_transparent":"","_kad_post_title":"","_kad_post_layout":"","_kad_post_sidebar_id":"","_kad_post_content_style":"","_kad_post_vertical_padding":"","_kad_post_feature":"","_kad_post_feature_position":"","_kad_post_header":false,"_kad_post_footer":false,"_kad_post_classname":""},"product_brand":[],"product_cat":[63],"product_tag":[89],"class_list":{"0":"post-1972","1":"product","2":"type-product","3":"status-publish","4":"has-post-thumbnail","6":"product_cat-cura-personale","7":"product_tag-sapone","9":"first","10":"instock","11":"shipping-taxable","12":"purchasable","13":"product-type-simple","14":"entry","15":"content-bg","16":"loop-entry"},"_links":{"self":[{"href":"https:\/\/www.agnotita.gr\/it\/wp-json\/wp\/v2\/product\/1972","targetHints":{"allow":["GET"]}}],"collection":[{"href":"https:\/\/www.agnotita.gr\/it\/wp-json\/wp\/v2\/product"}],"about":[{"href":"https:\/\/www.agnotita.gr\/it\/wp-json\/wp\/v2\/types\/product"}],"wp:featuredmedia":[{"embeddable":true,"href":"https:\/\/www.agnotita.gr\/it\/wp-json\/wp\/v2\/media\/1646"}],"wp:attachment":[{"href":"https:\/\/www.agnotita.gr\/it\/wp-json\/wp\/v2\/media?parent=1972"}],"wp:term":[{"taxonomy":"product_brand","embeddable":true,"href":"https:\/\/www.agnotita.gr\/it\/wp-json\/wp\/v2\/product_brand?post=1972"},{"taxonomy":"product_cat","embeddable":true,"href":"https:\/\/www.agnotita.gr\/it\/wp-json\/wp\/v2\/product_cat?post=1972"},{"taxonomy":"product_tag","embeddable":true,"href":"https:\/\/www.agnotita.gr\/it\/wp-json\/wp\/v2\/product_tag?post=1972"}],"curies":[{"name":"wp","href":"https:\/\/api.w.org\/{rel}","templated":true}]}}